{"id":15,"date":"2021-06-12T06:28:22","date_gmt":"2021-06-12T06:28:22","guid":{"rendered":"http:\/\/localhost\/projinova\/projects\/"},"modified":"2023-02-23T03:32:58","modified_gmt":"2023-02-23T03:32:58","slug":"infrastructure-building","status":"publish","type":"page","link":"https:\/\/projinova.com\/fr\/infrastructure-building\/","title":{"rendered":"Bureau D'Etude"},"content":{"rendered":"<div data-elementor-type=\"wp-page\" data-elementor-id=\"15\" class=\"elementor elementor-15\">\n\t\t\t\t<div class=\"elementor-element elementor-element-47e3e06 e-flex e-con-boxed e-con e-parent\" data-id=\"47e3e06\" data-element_type=\"container\" data-e-type=\"container\" data-settings=\"{&quot;background_background&quot;:&quot;classic&quot;}\">\n\t\t\t\t\t<div class=\"e-con-inner\">\n\t\t<div class=\"elementor-element elementor-element-8e89f99 e-con-full e-flex e-con e-parent\" data-id=\"8e89f99\" data-element_type=\"container\" data-e-type=\"container\">\n\t\t\t\t<div class=\"elementor-element elementor-element-0fc2e18 elementor-widget elementor-widget-heading\" data-id=\"0fc2e18\" data-element_type=\"widget\" data-e-type=\"widget\" data-widget_type=\"heading.default\">\n\t\t\t\t<div class=\"elementor-widget-container\">\n\t\t\t\t\t<h1 class=\"elementor-heading-title elementor-size-default\">Infrastructures P\u00e9riph\u00e9riques<\/h1>\t\t\t\t<\/div>\n\t\t\t\t<\/div>\n\t\t\t\t<\/div>\n\t\t\t\t\t<\/div>\n\t\t\t\t<\/div>\n\t\t<div class=\"elementor-element elementor-element-445da85 e-flex e-con-boxed e-con e-parent\" data-id=\"445da85\" data-element_type=\"container\" data-e-type=\"container\" data-settings=\"{&quot;shape_divider_top&quot;:&quot;opacity-tilt&quot;,&quot;background_background&quot;:&quot;classic&quot;}\">\n\t\t\t\t\t<div class=\"e-con-inner\">\n\t\t\t\t<div class=\"elementor-shape elementor-shape-top\" aria-hidden=\"true\" data-negative=\"false\">\n\t\t\t<svg xmlns=\"http:\/\/www.w3.org\/2000\/svg\" viewbox=\"0 0 2600 131.1\" preserveaspectratio=\"none\">\n\t<path class=\"elementor-shape-fill\" d=\"M0 0L2600 0 2600 69.1 0 0z\"\/>\n\t<path class=\"elementor-shape-fill\" style=\"opacity:0.5\" d=\"M0 0L2600 0 2600 69.1 0 69.1z\"\/>\n\t<path class=\"elementor-shape-fill\" style=\"opacity:0.25\" d=\"M2600 0L0 0 0 130.1 2600 69.1z\"\/>\n<\/svg>\t\t<\/div>\n\t\t<div class=\"elementor-element elementor-element-f40fa60 e-con-full e-flex e-con e-parent\" data-id=\"f40fa60\" data-element_type=\"container\" data-e-type=\"container\" data-settings=\"{&quot;background_background&quot;:&quot;gradient&quot;}\">\n\t\t\t\t<div class=\"elementor-element elementor-element-0243d36 elementor-widget elementor-widget-icon-box\" data-id=\"0243d36\" data-element_type=\"widget\" data-e-type=\"widget\" data-widget_type=\"icon-box.default\">\n\t\t\t\t<div class=\"elementor-widget-container\">\n\t\t\t\t\t\t\t<div class=\"elementor-icon-box-wrapper\">\n\n\t\t\t\n\t\t\t\t\t\t<div class=\"elementor-icon-box-content\">\n\n\t\t\t\t\n\t\t\t\t\t\t\t\t\t<p class=\"elementor-icon-box-description\">\n\t\t\t\t\t\tPROJINOVA c\u2019est \u00e9galement l\u2019am\u00e9nagement de vos sites avec l\u2019\u00e9tude et la construction des infrastructures p\u00e9riph\u00e9riques permettant l\u2019acceuil des techniciens, v\u00e9t\u00e9rinaires, employ\u00e9s de maintenance et visiteurs invit\u00e9s.\nPROJINOVA pourra vous livrer dans une formule cl\u00e9s en main, des infrastructures respectueuses de vos choix environnementaux et ce avec une qualit\u00e9 de finition et de confort exceptionnelle.\t\t\t\t\t<\/p>\n\t\t\t\t\n\t\t\t<\/div>\n\t\t\t\n\t\t<\/div>\n\t\t\t\t\t\t<\/div>\n\t\t\t\t<\/div>\n\t\t\t\t<\/div>\n\t\t\t\t\t<\/div>\n\t\t\t\t<\/div>\n\t\t<div class=\"elementor-element elementor-element-6e1a667 e-flex e-con-boxed e-con e-parent\" data-id=\"6e1a667\" data-element_type=\"container\" data-e-type=\"container\" data-settings=\"{&quot;background_background&quot;:&quot;classic&quot;}\">\n\t\t\t\t\t<div class=\"e-con-inner\">\n\t\t\t\t<div class=\"elementor-element elementor-element-35a6d4b elementor-widget elementor-widget-heading\" data-id=\"35a6d4b\" data-element_type=\"widget\" data-e-type=\"widget\" data-widget_type=\"heading.default\">\n\t\t\t\t<div class=\"elementor-widget-container\">\n\t\t\t\t\t<h2 class=\"elementor-heading-title elementor-size-default\">El\u00e9ments Optionnels<\/h2>\t\t\t\t<\/div>\n\t\t\t\t<\/div>\n\t\t\t\t<div class=\"elementor-element elementor-element-1c7a0bf elementor-widget elementor-widget-text-editor\" data-id=\"1c7a0bf\" data-element_type=\"widget\" data-e-type=\"widget\" data-widget_type=\"text-editor.default\">\n\t\t\t\t<div class=\"elementor-widget-container\">\n\t\t\t\t\t\t\t\t\t<p>En compl\u00e9ment de nos voli\u00e8res, nous vous proposons \u00e9galement un ensemble d\u2019\u00e9l\u00e9ments optionnels techniquement avanc\u00e9s.<br \/>Protections et couvertures motoris\u00e9es, tapis de confinement automatis\u00e9s, syst\u00e8me de gestion informatique centralis\u00e9, nids et couveuses chauffantes, cages batterie inox, gravier synth\u00e9tique,  nids climatis\u00e9s, sources d\u2019eau rafra\u00eechissantes mais \u00e9galement l\u2019ensemble de nos prestations de d\u00e9coration paysag\u00e8re agen\u00e7ant en totale harmonie, v\u00e9g\u00e9tation, cascades et enrochements.<\/p>\t\t\t\t\t\t\t\t<\/div>\n\t\t\t\t<\/div>\n\t\t<div class=\"elementor-element elementor-element-b22111d e-con-full e-flex e-con e-parent\" data-id=\"b22111d\" data-element_type=\"container\" data-e-type=\"container\">\n\t\t<div class=\"elementor-element elementor-element-c324ba8 e-con-full e-flex e-con e-parent\" data-id=\"c324ba8\" data-element_type=\"container\" data-e-type=\"container\">\n\t\t\t\t<div class=\"elementor-element elementor-element-40f90c6 elementor-widget__width-initial elementor-widget-tablet__width-inherit elementor-widget-mobile__width-inherit elementor-position-top elementor-widget elementor-widget-image-box\" data-id=\"40f90c6\" data-element_type=\"widget\" data-e-type=\"widget\" data-widget_type=\"image-box.default\">\n\t\t\t\t<div class=\"elementor-widget-container\">\n\t\t\t\t\t<div class=\"elementor-image-box-wrapper\"><figure class=\"elementor-image-box-img\"><img decoding=\"async\" src=\"https:\/\/projinova.com\/wp-content\/uploads\/elementor\/thumbs\/tapis-rn25osy2tu12azgugqpnisrxov7sw0f4jpms5dgqa6.jpg\" title=\"tapis\" alt=\"tapis\" loading=\"lazy\" \/><\/figure><div class=\"elementor-image-box-content\"><h5 class=\"elementor-image-box-title\">Tapis de confinement automatis\u00e9 pour outardes<\/h5><\/div><\/div>\t\t\t\t<\/div>\n\t\t\t\t<\/div>\n\t\t\t\t<\/div>\n\t\t<div class=\"elementor-element elementor-element-8267700 e-con-full e-flex e-con e-parent\" data-id=\"8267700\" data-element_type=\"container\" data-e-type=\"container\">\n\t\t\t\t<div class=\"elementor-element elementor-element-e80c285 elementor-widget__width-initial elementor-widget-tablet__width-inherit elementor-widget-mobile__width-inherit elementor-position-top elementor-widget elementor-widget-image-box\" data-id=\"e80c285\" data-element_type=\"widget\" data-e-type=\"widget\" data-widget_type=\"image-box.default\">\n\t\t\t\t<div class=\"elementor-widget-container\">\n\t\t\t\t\t<div class=\"elementor-image-box-wrapper\"><figure class=\"elementor-image-box-img\"><img decoding=\"async\" src=\"https:\/\/projinova.com\/wp-content\/uploads\/elementor\/thumbs\/infrastructure-rn25osy2tu12azgugqpnisrxov7sw0f4jpms5dgqa6.jpg\" title=\"infrastructure\" alt=\"infrastructure\" loading=\"lazy\" \/><\/figure><div class=\"elementor-image-box-content\"><h5 class=\"elementor-image-box-title\"> Batiments d'accueil pour le personnel<\/h5><\/div><\/div>\t\t\t\t<\/div>\n\t\t\t\t<\/div>\n\t\t\t\t<\/div>\n\t\t<div class=\"elementor-element elementor-element-59cb4c6 e-con-full e-flex e-con e-parent\" data-id=\"59cb4c6\" data-element_type=\"container\" data-e-type=\"container\">\n\t\t\t\t<div class=\"elementor-element elementor-element-d729b0c elementor-widget__width-initial elementor-widget-tablet__width-inherit elementor-widget-mobile__width-inherit elementor-position-top elementor-widget elementor-widget-image-box\" data-id=\"d729b0c\" data-element_type=\"widget\" data-e-type=\"widget\" data-widget_type=\"image-box.default\">\n\t\t\t\t<div class=\"elementor-widget-container\">\n\t\t\t\t\t<div class=\"elementor-image-box-wrapper\"><figure class=\"elementor-image-box-img\"><img decoding=\"async\" src=\"https:\/\/projinova.com\/wp-content\/uploads\/elementor\/thumbs\/cage-rn25or2eg5yhnrjkrpwedt90i3h2gm7nvgbt6tjimm.jpg\" title=\"cage\" alt=\"cage\" loading=\"lazy\" \/><\/figure><div class=\"elementor-image-box-content\"><h5 class=\"elementor-image-box-title\">Cages batterie inox pour outardes<\/h5><\/div><\/div>\t\t\t\t<\/div>\n\t\t\t\t<\/div>\n\t\t\t\t<\/div>\n\t\t\t\t<\/div>\n\t\t\t\t\t<\/div>\n\t\t\t\t<\/div>\n\t\t\t\t<\/div>","protected":false},"excerpt":{"rendered":"<p>Infrastructure building\u200b PROJINOVA is also the development of your sites with the design and construction of infrastructure buildings welcoming technicians, veterinarians, maintenance workers and invited visitors. PROJINOVA can deliver you a turnkey formula, infrastructure according to your choices respecting the environmental, quality finishing and exceptional comfort. Optional Features In addition to our aviaries, we also &hellip;<\/p>\n<p class=\"read-more\"> <a class=\"\" href=\"https:\/\/projinova.com\/fr\/infrastructure-building\/\"> <span class=\"screen-reader-text\">Bureau D'Etude<\/span> Lire la suite\u00a0\u00bb<\/a><\/p>","protected":false},"author":1,"featured_media":0,"parent":0,"menu_order":0,"comment_status":"closed","ping_status":"closed","template":"","meta":{"site-sidebar-layout":"no-sidebar","site-content-layout":"page-builder","ast-global-header-display":"","ast-main-header-display":"","ast-hfb-above-header-display":"","ast-hfb-below-header-display":"","ast-hfb-mobile-header-display":"","site-post-title":"disabled","ast-breadcrumbs-content":"disabled","ast-featured-img":"disabled","footer-sml-layout":"","theme-transparent-header-meta":"enabled","adv-header-id-meta":"","stick-header-meta":"","header-above-stick-meta":"","header-main-stick-meta":"","header-below-stick-meta":"","footnotes":""},"class_list":["post-15","page","type-page","status-publish","hentry"],"_links":{"self":[{"href":"https:\/\/projinova.com\/fr\/wp-json\/wp\/v2\/pages\/15","targetHints":{"allow":["GET"]}}],"collection":[{"href":"https:\/\/projinova.com\/fr\/wp-json\/wp\/v2\/pages"}],"about":[{"href":"https:\/\/projinova.com\/fr\/wp-json\/wp\/v2\/types\/page"}],"author":[{"embeddable":true,"href":"https:\/\/projinova.com\/fr\/wp-json\/wp\/v2\/users\/1"}],"replies":[{"embeddable":true,"href":"https:\/\/projinova.com\/fr\/wp-json\/wp\/v2\/comments?post=15"}],"version-history":[{"count":23,"href":"https:\/\/projinova.com\/fr\/wp-json\/wp\/v2\/pages\/15\/revisions"}],"predecessor-version":[{"id":1579,"href":"https:\/\/projinova.com\/fr\/wp-json\/wp\/v2\/pages\/15\/revisions\/1579"}],"wp:attachment":[{"href":"https:\/\/projinova.com\/fr\/wp-json\/wp\/v2\/media?parent=15"}],"curies":[{"name":"wp","href":"https:\/\/api.w.org\/{rel}","templated":true}]}}