{"id":1307,"date":"2023-02-20T16:44:09","date_gmt":"2023-02-20T16:44:09","guid":{"rendered":"http:\/\/localhost\/projinova\/?page_id=1307"},"modified":"2023-03-09T15:58:23","modified_gmt":"2023-03-09T15:58:23","slug":"realizations","status":"publish","type":"page","link":"https:\/\/projinova.com\/fr\/realizations\/","title":{"rendered":"R\u00e9alisations"},"content":{"rendered":"<div data-elementor-type=\"wp-page\" data-elementor-id=\"1307\" class=\"elementor elementor-1307\">\n\t\t\t\t<div class=\"elementor-element elementor-element-47e3e06 e-flex e-con-boxed e-con e-parent\" data-id=\"47e3e06\" data-element_type=\"container\" data-e-type=\"container\" data-settings=\"{&quot;background_background&quot;:&quot;classic&quot;}\">\n\t\t\t\t\t<div class=\"e-con-inner\">\n\t\t<div class=\"elementor-element elementor-element-8e89f99 e-con-full e-flex e-con e-parent\" data-id=\"8e89f99\" data-element_type=\"container\" data-e-type=\"container\">\n\t\t\t\t<div class=\"elementor-element elementor-element-0fc2e18 elementor-widget elementor-widget-heading\" data-id=\"0fc2e18\" data-element_type=\"widget\" data-e-type=\"widget\" data-widget_type=\"heading.default\">\n\t\t\t\t<div class=\"elementor-widget-container\">\n\t\t\t\t\t<h1 class=\"elementor-heading-title elementor-size-default\">R\u00e9alisations<\/h1>\t\t\t\t<\/div>\n\t\t\t\t<\/div>\n\t\t\t\t<\/div>\n\t\t\t\t\t<\/div>\n\t\t\t\t<\/div>\n\t\t<div class=\"elementor-element elementor-element-952a872 e-flex e-con-boxed e-con e-parent\" data-id=\"952a872\" data-element_type=\"container\" data-e-type=\"container\" data-settings=\"{&quot;background_background&quot;:&quot;classic&quot;}\">\n\t\t\t\t\t<div class=\"e-con-inner\">\n\t\t<div class=\"elementor-element elementor-element-513f9b3 e-con-full e-flex e-con e-parent\" data-id=\"513f9b3\" data-element_type=\"container\" data-e-type=\"container\">\n\t\t\t\t<div class=\"elementor-element elementor-element-71fae65 elementor-widget elementor-widget-image\" data-id=\"71fae65\" data-element_type=\"widget\" data-e-type=\"widget\" data-widget_type=\"image.default\">\n\t\t\t\t<div class=\"elementor-widget-container\">\n\t\t\t\t\t\t\t\t\t\t\t\t\t\t\t<img fetchpriority=\"high\" decoding=\"async\" width=\"1024\" height=\"539\" src=\"https:\/\/projinova.com\/wp-content\/uploads\/2023\/03\/OU_SOMMES_NOUS-PhotoRoom-1024x539.jpg\" class=\"attachment-large size-large wp-image-1716\" alt=\"\" srcset=\"https:\/\/projinova.com\/wp-content\/uploads\/2023\/03\/OU_SOMMES_NOUS-PhotoRoom-1024x539.jpg 1024w, https:\/\/projinova.com\/wp-content\/uploads\/2023\/03\/OU_SOMMES_NOUS-PhotoRoom-300x158.jpg 300w, https:\/\/projinova.com\/wp-content\/uploads\/2023\/03\/OU_SOMMES_NOUS-PhotoRoom-768x404.jpg 768w, https:\/\/projinova.com\/wp-content\/uploads\/2023\/03\/OU_SOMMES_NOUS-PhotoRoom-18x9.jpg 18w, https:\/\/projinova.com\/wp-content\/uploads\/2023\/03\/OU_SOMMES_NOUS-PhotoRoom.jpg 1280w\" sizes=\"(max-width: 1024px) 100vw, 1024px\" \/>\t\t\t\t\t\t\t\t\t\t\t\t\t\t\t<\/div>\n\t\t\t\t<\/div>\n\t\t\t\t<\/div>\n\t\t<div class=\"elementor-element elementor-element-c606650 e-con-full e-flex e-con e-parent\" data-id=\"c606650\" data-element_type=\"container\" data-e-type=\"container\">\n\t\t\t\t<div class=\"elementor-element elementor-element-0d4318b elementor-widget elementor-widget-icon-box\" data-id=\"0d4318b\" data-element_type=\"widget\" data-e-type=\"widget\" data-widget_type=\"icon-box.default\">\n\t\t\t\t<div class=\"elementor-widget-container\">\n\t\t\t\t\t\t\t<div class=\"elementor-icon-box-wrapper\">\n\n\t\t\t\n\t\t\t\t\t\t<div class=\"elementor-icon-box-content\">\n\n\t\t\t\t\t\t\t\t\t<h2 class=\"elementor-icon-box-title\">\n\t\t\t\t\t\t<span  >\n\t\t\t\t\t\t\tZones g\u00e9ographiques d'implantation\t\t\t\t\t\t<\/span>\n\t\t\t\t\t<\/h2>\n\t\t\t\t\n\t\t\t\t\t\t\t\t\t<p class=\"elementor-icon-box-description\">\n\t\t\t\t\t\tNos clients privil\u00e9gi\u00e9s sont pr\u00e9sents en Afrique, Asie et Moyen Orient et ont choisi PROJINOVA aux Emirats Arabes unis, Bahrain, au Maroc, en Lybie, au Kazakhstan, en Ouzb\u00e9kistan et en Chine.\n<br><br>\nRapidement, nous avons du nous adapter \u00e0 des imp\u00e9ratifs de temp\u00e9ratures extr\u00eames. Face aux al\u00e9as m\u00e9t\u00e9orologiques, la qualit\u00e9 de nos produits d'export  fait ses preuves, et l'attention que nous portons \u00e0 la conception de nos b\u00e2timents forge notre r\u00e9putation.\n<br><br>\nAfin de r\u00e9pondre aux cahiers des charges les plus exigeants et les plus contraignants, tous nos aciers structurels et nos \u00e9l\u00e9ments de recouvrement sont strictement conformes aux normes europ\u00e9ennes en vigueur.\t\t\t\t\t<\/p>\n\t\t\t\t\n\t\t\t<\/div>\n\t\t\t\n\t\t<\/div>\n\t\t\t\t\t\t<\/div>\n\t\t\t\t<\/div>\n\t\t\t\t<\/div>\n\t\t\t\t\t<\/div>\n\t\t\t\t<\/div>\n\t\t<div class=\"elementor-element elementor-element-0d2a8a2 e-flex e-con-boxed e-con e-parent\" data-id=\"0d2a8a2\" data-element_type=\"container\" data-e-type=\"container\">\n\t\t\t\t\t<div class=\"e-con-inner\">\n\t\t<div class=\"elementor-element elementor-element-ced4af6 e-con-full e-flex e-con e-parent\" data-id=\"ced4af6\" data-element_type=\"container\" data-e-type=\"container\">\n\t\t\t\t<div class=\"elementor-element elementor-element-d418e56 elementor-widget elementor-widget-heading\" data-id=\"d418e56\" data-element_type=\"widget\" data-e-type=\"widget\" data-widget_type=\"heading.default\">\n\t\t\t\t<div class=\"elementor-widget-container\">\n\t\t\t\t\t<h2 class=\"elementor-heading-title elementor-size-default\">Nos Cr\u00e9ations<\/h2>\t\t\t\t<\/div>\n\t\t\t\t<\/div>\n\t\t\t\t<div class=\"elementor-element elementor-element-6bf20d3 elementor-widget elementor-widget-text-editor\" data-id=\"6bf20d3\" data-element_type=\"widget\" data-e-type=\"widget\" data-widget_type=\"text-editor.default\">\n\t\t\t\t<div class=\"elementor-widget-container\">\n\t\t\t\t\t\t\t\t\t<p>B\u00e9n\u00e9ficiant d'un \u00e9troit partenariat avec nos fournisseurs, nous sommes capables de r\u00e9pondre aux projets les plus atypiques.<\/p><p>Perfection, p\u00e9rennit\u00e9, solidit\u00e9 des mat\u00e9riaux et soins apport\u00e9s aux finitions, chaque nouvelle voli\u00e8re dessin\u00e9e et imagin\u00e9e par notre bureau d\u2019\u00e9tude se distingue des pr\u00e9c\u00e9dentes par une originalit\u00e9 et une \u00e9l\u00e9gance singuli\u00e8re. Cascades, v\u00e9g\u00e9tation luxuriante, bassins et rochers d\u00e9coratifs sauront vous offrir des solutions d\u2019am\u00e9nagement int\u00e9rieurs modulables et uniques.<\/p>\t\t\t\t\t\t\t\t<\/div>\n\t\t\t\t<\/div>\n\t\t\t\t<\/div>\n\t\t<div class=\"elementor-element elementor-element-fbe5e9d e-con-full e-flex e-con e-parent\" data-id=\"fbe5e9d\" data-element_type=\"container\" data-e-type=\"container\">\n\t\t\t\t<div class=\"elementor-element elementor-element-756fca5 elementor-widget elementor-widget-image\" data-id=\"756fca5\" data-element_type=\"widget\" data-e-type=\"widget\" data-widget_type=\"image.default\">\n\t\t\t\t<div class=\"elementor-widget-container\">\n\t\t\t\t\t\t\t\t\t\t\t\t\t\t\t<img decoding=\"async\" width=\"800\" height=\"536\" src=\"https:\/\/projinova.com\/wp-content\/uploads\/2023\/02\/creation.jpg\" class=\"attachment-large size-large wp-image-1338\" alt=\"\" srcset=\"https:\/\/projinova.com\/wp-content\/uploads\/2023\/02\/creation.jpg 800w, https:\/\/projinova.com\/wp-content\/uploads\/2023\/02\/creation-300x201.jpg 300w, https:\/\/projinova.com\/wp-content\/uploads\/2023\/02\/creation-768x515.jpg 768w\" sizes=\"(max-width: 800px) 100vw, 800px\" \/>\t\t\t\t\t\t\t\t\t\t\t\t\t\t\t<\/div>\n\t\t\t\t<\/div>\n\t\t\t\t<\/div>\n\t\t\t\t\t<\/div>\n\t\t\t\t<\/div>\n\t\t<div class=\"elementor-element elementor-element-246626d e-flex e-con-boxed e-con e-parent\" data-id=\"246626d\" data-element_type=\"container\" data-e-type=\"container\">\n\t\t\t\t\t<div class=\"e-con-inner\">\n\t\t\t\t<div class=\"elementor-element elementor-element-c296fc8 elementor-widget elementor-widget-heading\" data-id=\"c296fc8\" data-element_type=\"widget\" data-e-type=\"widget\" data-widget_type=\"heading.default\">\n\t\t\t\t<div class=\"elementor-widget-container\">\n\t\t\t\t\t<h6 class=\"elementor-heading-title elementor-size-default\">Nous cr\u00e9ons pour des organismes d'\u00e9levage sp\u00e9cialis\u00e9s, des confinements adapt\u00e9s de quelques centaines de m\u00e8tres carr\u00e9s \u00e0 plus de 35000m2.<\/h6>\t\t\t\t<\/div>\n\t\t\t\t<\/div>\n\t\t\t\t<div class=\"elementor-element elementor-element-19f79b6 elementor-widget elementor-widget-image\" data-id=\"19f79b6\" data-element_type=\"widget\" data-e-type=\"widget\" data-widget_type=\"image.default\">\n\t\t\t\t<div class=\"elementor-widget-container\">\n\t\t\t\t\t\t\t\t\t\t\t\t\t\t\t<img decoding=\"async\" width=\"800\" height=\"433\" src=\"https:\/\/projinova.com\/wp-content\/uploads\/2023\/02\/vueaerienne.jpg\" class=\"attachment-large size-large wp-image-1324\" alt=\"\" srcset=\"https:\/\/projinova.com\/wp-content\/uploads\/2023\/02\/vueaerienne.jpg 800w, https:\/\/projinova.com\/wp-content\/uploads\/2023\/02\/vueaerienne-300x162.jpg 300w, https:\/\/projinova.com\/wp-content\/uploads\/2023\/02\/vueaerienne-768x416.jpg 768w\" sizes=\"(max-width: 800px) 100vw, 800px\" \/>\t\t\t\t\t\t\t\t\t\t\t\t\t\t\t<\/div>\n\t\t\t\t<\/div>\n\t\t\t\t\t<\/div>\n\t\t\t\t<\/div>\n\t\t\t\t<\/div>","protected":false},"excerpt":{"rendered":"<p>Realizations Geographic distribution Our privileged clients are present in Africa, Asia and the Middle East and have chosen PROJINOVA in UAE, Bahrain, Morocco, Libya, Kazakhstan, Uzbekistan and China. Soon, we will have to adapt to requirements of extreme high temperatures. Faced already with the weather hazards, the quality of our export products has been proved, &hellip;<\/p>\n<p class=\"read-more\"> <a class=\"\" href=\"https:\/\/projinova.com\/fr\/realizations\/\"> <span class=\"screen-reader-text\">R\u00e9alisations<\/span> Lire la suite\u00a0\u00bb<\/a><\/p>","protected":false},"author":1,"featured_media":0,"parent":0,"menu_order":0,"comment_status":"closed","ping_status":"closed","template":"","meta":{"site-sidebar-layout":"no-sidebar","site-content-layout":"page-builder","ast-global-header-display":"","ast-main-header-display":"","ast-hfb-above-header-display":"","ast-hfb-below-header-display":"","ast-hfb-mobile-header-display":"","site-post-title":"disabled","ast-breadcrumbs-content":"disabled","ast-featured-img":"disabled","footer-sml-layout":"","theme-transparent-header-meta":"enabled","adv-header-id-meta":"","stick-header-meta":"","header-above-stick-meta":"","header-main-stick-meta":"","header-below-stick-meta":"","footnotes":""},"class_list":["post-1307","page","type-page","status-publish","hentry"],"_links":{"self":[{"href":"https:\/\/projinova.com\/fr\/wp-json\/wp\/v2\/pages\/1307","targetHints":{"allow":["GET"]}}],"collection":[{"href":"https:\/\/projinova.com\/fr\/wp-json\/wp\/v2\/pages"}],"about":[{"href":"https:\/\/projinova.com\/fr\/wp-json\/wp\/v2\/types\/page"}],"author":[{"embeddable":true,"href":"https:\/\/projinova.com\/fr\/wp-json\/wp\/v2\/users\/1"}],"replies":[{"embeddable":true,"href":"https:\/\/projinova.com\/fr\/wp-json\/wp\/v2\/comments?post=1307"}],"version-history":[{"count":40,"href":"https:\/\/projinova.com\/fr\/wp-json\/wp\/v2\/pages\/1307\/revisions"}],"predecessor-version":[{"id":1719,"href":"https:\/\/projinova.com\/fr\/wp-json\/wp\/v2\/pages\/1307\/revisions\/1719"}],"wp:attachment":[{"href":"https:\/\/projinova.com\/fr\/wp-json\/wp\/v2\/media?parent=1307"}],"curies":[{"name":"wp","href":"https:\/\/api.w.org\/{rel}","templated":true}]}}